{"id":28,"date":"2022-04-11T09:14:49","date_gmt":"2022-04-11T09:14:49","guid":{"rendered":"https:\/\/www.cssigniter.com\/demos\/blockchain-lite\/?page_id=28"},"modified":"2022-08-13T15:36:47","modified_gmt":"2022-08-13T13:36:47","slug":"contact","status":"publish","type":"page","link":"https:\/\/facylitator.com.pl\/index.php\/contact\/","title":{"rendered":"Kontakt"},"content":{"rendered":"\n<p> <\/p>\n\n\n\n<div class=\"wp-block-columns is-layout-flex wp-container-core-columns-is-layout-1 wp-block-columns-is-layout-flex\">\n<div class=\"wp-block-column is-layout-flow wp-block-column-is-layout-flow\" style=\"flex-basis:66.66%\">\n<p>Najwa\u017cniejsze jest poznanie Twoich potrzeb w zakresie facylitacji (moderacji, konsultacji), lub je\u015bli interesuj\u0105 Ci\u0119 inne obszary jakimi si\u0119 zajmuj\u0119 (m.in. szkolenia, konsulting dla firm, samorz\u0105d\u00f3w; rekrutacja, coaching) to prosz\u0119 zadzwo\u0144 <a href=\"tel:503764364\">503 764 364<\/a> lub napisz.<br><br><strong>Najszybsz\u0105 form\u0105 kontaktu jest telefon<\/strong> (preferowana). Je\u015bli nie odbieram tzn. \u017ce pracuj\u0119, wtedy prosz\u0119 napisz SMS. <\/p>\n\n\n\n<p>Je\u015bli Ci si\u0119 nie \u015bpieszy, to skorzystaj z poni\u017cszego formularza. <\/p>\n<\/div>\n\n\n\n<div class=\"wp-block-column is-layout-flow wp-block-column-is-layout-flow\" style=\"flex-basis:33.33%\">\n<figure class=\"wp-block-image size-large\"><img loading=\"lazy\" decoding=\"async\" width=\"1024\" height=\"682\" src=\"http:\/\/facylitator.com.pl\/wp-content\/uploads\/2022\/06\/lukasz-dabrowka-trenerskie2-bok-2021-1024x682.jpg\" alt=\"\" class=\"wp-image-112\" srcset=\"https:\/\/facylitator.com.pl\/wp-content\/uploads\/2022\/06\/lukasz-dabrowka-trenerskie2-bok-2021-1024x682.jpg 1024w, https:\/\/facylitator.com.pl\/wp-content\/uploads\/2022\/06\/lukasz-dabrowka-trenerskie2-bok-2021-300x200.jpg 300w, https:\/\/facylitator.com.pl\/wp-content\/uploads\/2022\/06\/lukasz-dabrowka-trenerskie2-bok-2021-768x512.jpg 768w, https:\/\/facylitator.com.pl\/wp-content\/uploads\/2022\/06\/lukasz-dabrowka-trenerskie2-bok-2021-1536x1024.jpg 1536w, https:\/\/facylitator.com.pl\/wp-content\/uploads\/2022\/06\/lukasz-dabrowka-trenerskie2-bok-2021-850x567.jpg 850w, https:\/\/facylitator.com.pl\/wp-content\/uploads\/2022\/06\/lukasz-dabrowka-trenerskie2-bok-2021-555x370.jpg 555w, https:\/\/facylitator.com.pl\/wp-content\/uploads\/2022\/06\/lukasz-dabrowka-trenerskie2-bok-2021-120x80.jpg 120w, https:\/\/facylitator.com.pl\/wp-content\/uploads\/2022\/06\/lukasz-dabrowka-trenerskie2-bok-2021.jpg 2000w\" sizes=\"(max-width: 1024px) 100vw, 1024px\" \/><\/figure>\n<\/div>\n<\/div>\n\n\n\n<div class=\"wp-block-contact-form-7-contact-form-selector\"><div role=\"form\" class=\"wpcf7\" id=\"wpcf7-f7-o1\" lang=\"pl-PL\" dir=\"ltr\">\n<div class=\"screen-reader-response\"><p role=\"status\" aria-live=\"polite\" aria-atomic=\"true\"><\/p> <ul><\/ul><\/div>\n<form action=\"\/index.php\/wp-json\/wp\/v2\/pages\/28#wpcf7-f7-o1\" method=\"post\" class=\"wpcf7-form init\" novalidate=\"novalidate\" data-status=\"init\">\n<div style=\"display: none;\">\n<input type=\"hidden\" name=\"_wpcf7\" value=\"7\" \/>\n<input type=\"hidden\" name=\"_wpcf7_version\" value=\"5.6\" \/>\n<input type=\"hidden\" name=\"_wpcf7_locale\" value=\"pl_PL\" \/>\n<input type=\"hidden\" name=\"_wpcf7_unit_tag\" value=\"wpcf7-f7-o1\" \/>\n<input type=\"hidden\" name=\"_wpcf7_container_post\" value=\"0\" \/>\n<input type=\"hidden\" name=\"_wpcf7_posted_data_hash\" value=\"\" \/>\n<\/div>\n<p><label> Twoje imi\u0119 i nazwisko<br \/>\n    <span class=\"wpcf7-form-control-wrap\" data-name=\"your-name\"><input type=\"text\" name=\"your-name\" value=\"\" size=\"40\" class=\"wpcf7-form-control wpcf7-text wpcf7-validates-as-required\" aria-required=\"true\" aria-invalid=\"false\" \/><\/span> <\/label><\/p>\n<p><label> Tw\u00f3j adres e-mail<br \/>\n    <span class=\"wpcf7-form-control-wrap\" data-name=\"your-email\"><input type=\"email\" name=\"your-email\" value=\"\" size=\"40\" class=\"wpcf7-form-control wpcf7-text wpcf7-email wpcf7-validates-as-required wpcf7-validates-as-email\" aria-required=\"true\" aria-invalid=\"false\" \/><\/span> <\/label><\/p>\n<p><label> Temat<br \/>\n    <span class=\"wpcf7-form-control-wrap\" data-name=\"your-subject\"><input type=\"text\" name=\"your-subject\" value=\"\" size=\"40\" class=\"wpcf7-form-control wpcf7-text wpcf7-validates-as-required\" aria-required=\"true\" aria-invalid=\"false\" \/><\/span> <\/label><\/p>\n<p><label> Twoja wiadomo\u015bci (opcjonalne)<br \/>\n    <span class=\"wpcf7-form-control-wrap\" data-name=\"your-message\"><textarea name=\"your-message\" cols=\"40\" rows=\"10\" class=\"wpcf7-form-control wpcf7-textarea\" aria-invalid=\"false\"><\/textarea><\/span> <\/label><\/p>\n<p><input type=\"submit\" value=\"Wy\u015blij\" class=\"wpcf7-form-control has-spinner wpcf7-submit\" \/><\/p>\n<div class=\"wpcf7-response-output\" aria-hidden=\"true\"><\/div><\/form><\/div><\/div>\n","protected":false},"excerpt":{"rendered":"<p>Najwa\u017cniejsze jest poznanie Twoich potrzeb w zakresie facylitacji (moderacji, konsultacji), lub je\u015bli interesuj\u0105 Ci\u0119 inne obszary jakimi si\u0119 zajmuj\u0119 (m.in. szkolenia, konsulting dla firm, samorz\u0105d\u00f3w; rekrutacja, coaching) to prosz\u0119 zadzwo\u0144 503 764 364 lub napisz. Najszybsz\u0105 form\u0105 kontaktu jest telefon (preferowana). Je\u015bli nie odbieram tzn. \u017ce pracuj\u0119, wtedy prosz\u0119 napisz SMS. Je\u015bli Ci si\u0119 nie [&hellip;]<\/p>\n","protected":false},"author":1,"featured_media":0,"parent":0,"menu_order":0,"comment_status":"closed","ping_status":"closed","template":"","meta":{"footnotes":""},"_links":{"self":[{"href":"https:\/\/facylitator.com.pl\/index.php\/wp-json\/wp\/v2\/pages\/28"}],"collection":[{"href":"https:\/\/facylitator.com.pl\/index.php\/wp-json\/wp\/v2\/pages"}],"about":[{"href":"https:\/\/facylitator.com.pl\/index.php\/wp-json\/wp\/v2\/types\/page"}],"author":[{"embeddable":true,"href":"https:\/\/facylitator.com.pl\/index.php\/wp-json\/wp\/v2\/users\/1"}],"replies":[{"embeddable":true,"href":"https:\/\/facylitator.com.pl\/index.php\/wp-json\/wp\/v2\/comments?post=28"}],"version-history":[{"count":3,"href":"https:\/\/facylitator.com.pl\/index.php\/wp-json\/wp\/v2\/pages\/28\/revisions"}],"predecessor-version":[{"id":139,"href":"https:\/\/facylitator.com.pl\/index.php\/wp-json\/wp\/v2\/pages\/28\/revisions\/139"}],"wp:attachment":[{"href":"https:\/\/facylitator.com.pl\/index.php\/wp-json\/wp\/v2\/media?parent=28"}],"curies":[{"name":"wp","href":"https:\/\/api.w.org\/{rel}","templated":true}]}}